{"id":4499,"date":"2019-09-03T22:43:38","date_gmt":"2019-09-03T19:43:38","guid":{"rendered":"http:\/\/haksen.org.tr\/?page_id=4499"},"modified":"2019-10-26T19:46:03","modified_gmt":"2019-10-26T16:46:03","slug":"uyelerimize-ozel-anlasmalar","status":"publish","type":"page","link":"https:\/\/haksen.org.tr\/?page_id=4499","title":{"rendered":"\u00dcyelerimize \u00d6zel Anla\u015fmalar"},"content":{"rendered":"<p style=\"text-align:center; font-size: 13px;\">S\u00f6zle\u015fmelerde belirtilen indirimlerden; sendika \u00fcyemiz, e\u015f ve \u00e7ocuklar\u0131, anne ve babas\u0131 ile bakmakla y\u00fck\u00fcml\u00fc oldu\u011fu di\u011fer aile fertleri yararlanabilir.<br \/>\n\u0130ndirim i\u00e7in sendikam\u0131z taraf\u0131nda verilen \u00fcyelik kimli\u011finin ibraz edilmesi gerekmektedir.<\/p>\n<p><iframe src=\"https:\/\/haksen.org.tr\/anlasmalar\/#\" style=\"width: 100%; height: 800px; overflow: hidden;\"><\/iframe><\/p>\n","protected":false},"excerpt":{"rendered":"<p>S\u00f6zle\u015fmelerde belirtilen indirimlerden; sendika \u00fcyemiz, e\u015f ve \u00e7ocuklar\u0131, anne ve babas\u0131 ile bakmakla y\u00fck\u00fcml\u00fc oldu\u011fu di\u011fer aile fertleri yararlanabilir. \u0130ndirim i\u00e7in sendikam\u0131z taraf\u0131nda verilen \u00fcyelik kimli\u011finin ibraz edilmesi gerekmektedir.<\/p>\n","protected":false},"author":1,"featured_media":0,"parent":0,"menu_order":0,"comment_status":"closed","ping_status":"closed","template":"","meta":{"footnotes":""},"class_list":["post-4499","page","type-page","status-publish"],"_links":{"self":[{"href":"https:\/\/haksen.org.tr\/index.php?rest_route=\/wp\/v2\/pages\/4499","targetHints":{"allow":["GET"]}}],"collection":[{"href":"https:\/\/haksen.org.tr\/index.php?rest_route=\/wp\/v2\/pages"}],"about":[{"href":"https:\/\/haksen.org.tr\/index.php?rest_route=\/wp\/v2\/types\/page"}],"author":[{"embeddable":true,"href":"https:\/\/haksen.org.tr\/index.php?rest_route=\/wp\/v2\/users\/1"}],"replies":[{"embeddable":true,"href":"https:\/\/haksen.org.tr\/index.php?rest_route=%2Fwp%2Fv2%2Fcomments&post=4499"}],"version-history":[{"count":15,"href":"https:\/\/haksen.org.tr\/index.php?rest_route=\/wp\/v2\/pages\/4499\/revisions"}],"predecessor-version":[{"id":4567,"href":"https:\/\/haksen.org.tr\/index.php?rest_route=\/wp\/v2\/pages\/4499\/revisions\/4567"}],"wp:attachment":[{"href":"https:\/\/haksen.org.tr\/index.php?rest_route=%2Fwp%2Fv2%2Fmedia&parent=4499"}],"curies":[{"name":"wp","href":"https:\/\/api.w.org\/{rel}","templated":true}]}}