{"id":4114,"date":"2018-11-28T23:05:07","date_gmt":"2018-11-28T20:05:07","guid":{"rendered":"http:\/\/haksen.org.tr\/?page_id=4114"},"modified":"2019-08-30T12:40:56","modified_gmt":"2019-08-30T09:40:56","slug":"himer-haksizlik-izleme-merkezi","status":"publish","type":"page","link":"https:\/\/haksen.org.tr\/?page_id=4114","title":{"rendered":"H\u0130MER &#8211; Haks\u0131zl\u0131k \u0130zleme Merkezi"},"content":{"rendered":"<p>H\u0130MER &#8211; Haks\u0131zl\u0131k \u0130zleme Merkezi <a href=\"http:\/\/www.himer.org\">www.himer.org<\/a> adresinde hizmet vermeye devam etmektedir.<\/p>\n","protected":false},"excerpt":{"rendered":"<p>H\u0130MER &#8211; Haks\u0131zl\u0131k \u0130zleme Merkezi www.himer.org adresinde hizmet vermeye devam etmektedir.<\/p>\n","protected":false},"author":1,"featured_media":0,"parent":0,"menu_order":0,"comment_status":"closed","ping_status":"closed","template":"","meta":{"footnotes":""},"class_list":["post-4114","page","type-page","status-publish"],"_links":{"self":[{"href":"https:\/\/haksen.org.tr\/index.php?rest_route=\/wp\/v2\/pages\/4114","targetHints":{"allow":["GET"]}}],"collection":[{"href":"https:\/\/haksen.org.tr\/index.php?rest_route=\/wp\/v2\/pages"}],"about":[{"href":"https:\/\/haksen.org.tr\/index.php?rest_route=\/wp\/v2\/types\/page"}],"author":[{"embeddable":true,"href":"https:\/\/haksen.org.tr\/index.php?rest_route=\/wp\/v2\/users\/1"}],"replies":[{"embeddable":true,"href":"https:\/\/haksen.org.tr\/index.php?rest_route=%2Fwp%2Fv2%2Fcomments&post=4114"}],"version-history":[{"count":6,"href":"https:\/\/haksen.org.tr\/index.php?rest_route=\/wp\/v2\/pages\/4114\/revisions"}],"predecessor-version":[{"id":4498,"href":"https:\/\/haksen.org.tr\/index.php?rest_route=\/wp\/v2\/pages\/4114\/revisions\/4498"}],"wp:attachment":[{"href":"https:\/\/haksen.org.tr\/index.php?rest_route=%2Fwp%2Fv2%2Fmedia&parent=4114"}],"curies":[{"name":"wp","href":"https:\/\/api.w.org\/{rel}","templated":true}]}}