{"id":4107,"date":"2018-11-28T22:09:31","date_gmt":"2018-11-28T19:09:31","guid":{"rendered":"http:\/\/haksen.org.tr\/?page_id=4107"},"modified":"2019-08-30T12:40:24","modified_gmt":"2019-08-30T09:40:24","slug":"himer","status":"publish","type":"page","link":"https:\/\/haksen.org.tr\/?page_id=4107","title":{"rendered":"Haks\u0131zl\u0131k \u0130zleme Merkezi Ba\u015fvuru Formu"},"content":{"rendered":"<p>H\u0130MER &#8211; Haks\u0131zl\u0131k \u0130zleme Merkezi <a href=\"http:\/\/www.himer.org\">www.himer.org<\/a> adresinde hizmet vermeye devam etmektedir.<\/p>\n","protected":false},"excerpt":{"rendered":"<p>H\u0130MER &#8211; Haks\u0131zl\u0131k \u0130zleme Merkezi www.himer.org adresinde hizmet vermeye devam etmektedir.<\/p>\n","protected":false},"author":1,"featured_media":0,"parent":0,"menu_order":0,"comment_status":"closed","ping_status":"closed","template":"","meta":{"footnotes":""},"class_list":["post-4107","page","type-page","status-publish"],"_links":{"self":[{"href":"https:\/\/haksen.org.tr\/index.php?rest_route=\/wp\/v2\/pages\/4107","targetHints":{"allow":["GET"]}}],"collection":[{"href":"https:\/\/haksen.org.tr\/index.php?rest_route=\/wp\/v2\/pages"}],"about":[{"href":"https:\/\/haksen.org.tr\/index.php?rest_route=\/wp\/v2\/types\/page"}],"author":[{"embeddable":true,"href":"https:\/\/haksen.org.tr\/index.php?rest_route=\/wp\/v2\/users\/1"}],"replies":[{"embeddable":true,"href":"https:\/\/haksen.org.tr\/index.php?rest_route=%2Fwp%2Fv2%2Fcomments&post=4107"}],"version-history":[{"count":6,"href":"https:\/\/haksen.org.tr\/index.php?rest_route=\/wp\/v2\/pages\/4107\/revisions"}],"predecessor-version":[{"id":4497,"href":"https:\/\/haksen.org.tr\/index.php?rest_route=\/wp\/v2\/pages\/4107\/revisions\/4497"}],"wp:attachment":[{"href":"https:\/\/haksen.org.tr\/index.php?rest_route=%2Fwp%2Fv2%2Fmedia&parent=4107"}],"curies":[{"name":"wp","href":"https:\/\/api.w.org\/{rel}","templated":true}]}}