{"id":3552,"date":"2017-04-24T09:31:48","date_gmt":"2017-04-24T09:31:48","guid":{"rendered":"http:\/\/haksen.org.tr\/?page_id=3552"},"modified":"2025-01-16T17:58:21","modified_gmt":"2025-01-16T14:58:21","slug":"yonetim-kurulu","status":"publish","type":"page","link":"https:\/\/haksen.org.tr\/?page_id=3552","title":{"rendered":"Y\u00f6netim Kurulu"},"content":{"rendered":"\n<figure class=\"wp-block-image size-large\"><img decoding=\"async\" src=\"blob:https:\/\/haksen.org.tr\/67e5e03a-de04-4938-b275-63d92bc2cada\" alt=\"\"\/><\/figure>\n\n\n<table border=\"0\" width=\"95%\" cellspacing=\"2\" cellpadding=\"2\" align=\"center\">\n<tbody>\n<tr>\n<td width=\"18%\"><img loading=\"lazy\" decoding=\"async\" class=\"alignnone wp-image-5173 \" src=\"https:\/\/haksen.org.tr\/wp-content\/uploads\/2022\/12\/ayhan-3.jpg\" alt=\"\" width=\"127\" height=\"127\" \/><\/td>\n<td width=\"82%\">\n<table style=\"height: 142px;\" border=\"0\" width=\"827\" cellspacing=\"0\" cellpadding=\"0\">\n<tbody>\n<tr>\n<td width=\"26%\"><strong>Ad\u0131 Soyad\u0131<\/strong><\/td>\n<td width=\"74%\">Ayhan \u00c7\u0130V\u0130<\/td>\n<\/tr>\n<tr>\n<td><strong>G\u00f6revi<\/strong><\/td>\n<td>Genel Ba\u015fkan<\/td>\n<\/tr>\n<tr>\n<td><strong>Kurumu<\/strong><\/td>\n<td>\u00c7al\u0131\u015fma ve Sosyal G\u00fcvenlik Bakanl\u0131\u011f\u0131<\/td>\n<\/tr>\n<tr>\n<td><strong>e-posta<\/strong><\/td>\n<td>ayhancivi@gmail.com<\/td>\n<\/tr>\n<tr>\n<td><b>\u00a0<\/b><\/td>\n<td>\u00a0<\/td>\n<\/tr>\n<\/tbody>\n<\/table>\n<\/td>\n<\/tr>\n<tr>\n<td>\u00a0<\/td>\n<td>\n<p>1962 y\u0131l\u0131nda Elbistan\u2019da do\u011fdu. \u0130lk, orta ve lise tahsilini Elbistan\u2019da tamamlad\u0131. 1984 y\u0131l\u0131nda \u0130T\u00dc Matematik M\u00fchendisli\u011fi B\u00f6l\u00fcm\u00fcnden mezun oldu. Vatani g\u00f6revini K\u0131br\u0131s T\u00fcrk Bar\u0131\u015f Kuvvetleri Komutanl\u0131\u011f\u0131nda Yedek Subay olarak yerine getirdi. Kamu g\u00f6revine 1988 y\u0131l\u0131nda PTT Genel M\u00fcd\u00fcrl\u00fc\u011f\u00fcnde Programc\u0131 unvan\u0131yla ba\u015flad\u0131. 1989 y\u0131l\u0131nda Ziraat Bankas\u0131 Genel M\u00fcd\u00fcrl\u00fc\u011f\u00fcne ge\u00e7i\u015f yapt\u0131ktan sonra 1998 y\u0131l\u0131na kadar Programc\u0131 unvan\u0131yla g\u00f6rev yapt\u0131ktan sonra Ankara \u0130stihbarat M\u00fcd\u00fcrl\u00fc\u011f\u00fcne M\u00fcd\u00fcr Yard\u0131mc\u0131s\u0131 olarak atand\u0131.2002 y\u0131l\u0131nda Kamu Bankalar\u0131n\u0131n yeniden yap\u0131land\u0131r\u0131lmas\u0131 kapsam\u0131nda \u00f6nerilen \u201ci\u015f s\u00f6zle\u015fmesini\u201d kabul etmeyerek \u00c7al\u0131\u015fma ve Sosyal G\u00fcvenlik Bakanl\u0131\u011f\u0131 D\u0131\u015f \u0130li\u015fkiler Genel M\u00fcd\u00fcrl\u00fc\u011f\u00fcne Uzman olarak atand\u0131. Halen \u201c\u00fccretsiz izinli\u201d olarak ayn\u0131 kadroda bulunmaktad\u0131r. B\u00fcro Hak-Sen ve Haksen Konfederasyonu kurucu genel ba\u015fkan\u0131 olarak g\u00f6revine devam etmektedir. Evli ve 1 erkek \u00e7ocuk babas\u0131d\u0131r.<\/p>\n<\/td>\n<\/tr>\n<\/tbody>\n<\/table>\n<table border=\"0\" width=\"95%\" cellspacing=\"2\" cellpadding=\"2\" align=\"center\">\n<tbody>\n<tr>\n<td width=\"18%\"><img loading=\"lazy\" decoding=\"async\" class=\"alignnone wp-image-5178 size-medium\" src=\"https:\/\/haksen.org.tr\/wp-content\/uploads\/2022\/12\/hanifi-225x300.jpg\" alt=\"\" width=\"225\" height=\"300\" srcset=\"https:\/\/haksen.org.tr\/wp-content\/uploads\/2022\/12\/hanifi-225x300.jpg 225w, https:\/\/haksen.org.tr\/wp-content\/uploads\/2022\/12\/hanifi-315x420.jpg 315w, https:\/\/haksen.org.tr\/wp-content\/uploads\/2022\/12\/hanifi.jpg 332w\" sizes=\"auto, (max-width: 225px) 100vw, 225px\" \/><\/td>\n<td width=\"82%\">\n<table border=\"0\" width=\"96%\" cellspacing=\"0\" cellpadding=\"0\">\n<tbody>\n<tr>\n<td width=\"26%\"><strong>Ad\u0131 Soyad\u0131<\/strong><\/td>\n<td width=\"74%\">Hanifi G\u00d6K\u00c7EK<\/td>\n<\/tr>\n<tr>\n<td><strong>G\u00f6revi<\/strong><\/td>\n<td>Genel Ba\u015fkan Yard\u0131mc\u0131s\u0131<\/td>\n<\/tr>\n<tr>\n<td><strong>Kurumu<\/strong><\/td>\n<td>Milli E\u011fitim Bakanl\u0131\u011f\u0131<\/td>\n<\/tr>\n<tr>\n<td><b><strong>Tel\u00a0<\/strong><\/b><\/td>\n<td>533 737 13 40<\/td>\n<\/tr>\n<tr>\n<td><b>\u00a0<\/b><\/td>\n<td>\u00a0<\/td>\n<\/tr>\n<\/tbody>\n<\/table>\n<\/td>\n<\/tr>\n<\/tbody>\n<\/table>\n<table style=\"height: 105px;\" border=\"0\" width=\"1066\" cellspacing=\"2\" cellpadding=\"2\" align=\"center\">\n<tbody>\n<tr>\n<td width=\"18%\"><img loading=\"lazy\" decoding=\"async\" class=\"alignnone wp-image-5182 size-medium\" src=\"https:\/\/haksen.org.tr\/wp-content\/uploads\/2022\/12\/mecbur-203x300.jpg\" alt=\"\" width=\"203\" height=\"300\" srcset=\"https:\/\/haksen.org.tr\/wp-content\/uploads\/2022\/12\/mecbur-203x300.jpg 203w, https:\/\/haksen.org.tr\/wp-content\/uploads\/2022\/12\/mecbur-692x1024.jpg 692w, https:\/\/haksen.org.tr\/wp-content\/uploads\/2022\/12\/mecbur-768x1137.jpg 768w, https:\/\/haksen.org.tr\/wp-content\/uploads\/2022\/12\/mecbur-1037x1536.jpg 1037w, https:\/\/haksen.org.tr\/wp-content\/uploads\/2022\/12\/mecbur-696x1030.jpg 696w, https:\/\/haksen.org.tr\/wp-content\/uploads\/2022\/12\/mecbur-1068x1581.jpg 1068w, https:\/\/haksen.org.tr\/wp-content\/uploads\/2022\/12\/mecbur-284x420.jpg 284w, https:\/\/haksen.org.tr\/wp-content\/uploads\/2022\/12\/mecbur.jpg 1080w\" sizes=\"auto, (max-width: 203px) 100vw, 203px\" \/><\/td>\n<td width=\"82%\">\n<table border=\"0\" width=\"96%\" cellspacing=\"0\" cellpadding=\"0\">\n<tbody>\n<tr>\n<td width=\"26%\"><strong>Ad\u0131 Soyad\u0131<\/strong><\/td>\n<td width=\"74%\">Mecbur Bodur<\/td>\n<\/tr>\n<tr>\n<td><strong>G\u00f6revi<\/strong><\/td>\n<td>Hukuk Koordinat\u00f6r\u00fc<\/td>\n<\/tr>\n<tr>\n<td><b> <strong>Kurumu<\/strong><\/b><\/td>\n<td>Anadolu \u00dcniversitesi<\/td>\n<\/tr>\n<tr>\n<td><b>Tel<\/b><\/td>\n<td>533 549 25 30<\/td>\n<\/tr>\n<tr>\n<td>\u00a0<\/td>\n<td>\u00a0<\/td>\n<\/tr>\n<\/tbody>\n<\/table>\n<\/td>\n<\/tr>\n<\/tbody>\n<\/table>\n<table border=\"0\" width=\"95%\" cellspacing=\"2\" cellpadding=\"2\" align=\"center\">\n<tbody>\n<tr>\n<td width=\"18%\"><img loading=\"lazy\" decoding=\"async\" class=\"alignnone wp-image-5181 size-medium\" src=\"https:\/\/haksen.org.tr\/wp-content\/uploads\/2022\/12\/yuksel-252x300.jpg\" alt=\"\" width=\"252\" height=\"300\" srcset=\"https:\/\/haksen.org.tr\/wp-content\/uploads\/2022\/12\/yuksel-252x300.jpg 252w, https:\/\/haksen.org.tr\/wp-content\/uploads\/2022\/12\/yuksel-861x1024.jpg 861w, https:\/\/haksen.org.tr\/wp-content\/uploads\/2022\/12\/yuksel-768x913.jpg 768w, https:\/\/haksen.org.tr\/wp-content\/uploads\/2022\/12\/yuksel-696x828.jpg 696w, https:\/\/haksen.org.tr\/wp-content\/uploads\/2022\/12\/yuksel-1068x1270.jpg 1068w, https:\/\/haksen.org.tr\/wp-content\/uploads\/2022\/12\/yuksel-353x420.jpg 353w, https:\/\/haksen.org.tr\/wp-content\/uploads\/2022\/12\/yuksel.jpg 1077w\" sizes=\"auto, (max-width: 252px) 100vw, 252px\" \/><\/td>\n<td width=\"82%\">\n<table border=\"0\" width=\"96%\" cellspacing=\"0\" cellpadding=\"0\">\n<tbody>\n<tr>\n<td width=\"26%\"><strong>Ad\u0131 Soyad\u0131<\/strong><\/td>\n<td width=\"74%\">Y\u00fcksel G\u00f6kt\u00fcrk<\/td>\n<\/tr>\n<tr>\n<td><strong>G\u00f6revi<\/strong><\/td>\n<td>Mali Koordinat\u00f6r<\/td>\n<\/tr>\n<tr>\n<td><strong>Kurumu<\/strong><\/td>\n<td>Ankara \u00dcniversitesi<\/td>\n<\/tr>\n<tr>\n<td><strong>Tel<\/strong><\/td>\n<td>533 775 40 65<\/td>\n<\/tr>\n<tr>\n<td><strong>Tel<\/strong><\/td>\n<td>\u00a0<\/td>\n<\/tr>\n<\/tbody>\n<\/table>\n<\/td>\n<\/tr>\n<\/tbody>\n<\/table>\n<table border=\"0\" width=\"95%\" cellspacing=\"2\" cellpadding=\"2\" align=\"center\">\n<tbody>\n<tr>\n<td width=\"18%\"><img loading=\"lazy\" decoding=\"async\" class=\"\" src=\"https:\/\/haksen.org.tr\/wp-content\/uploads\/2023\/05\/baris.jpg\" alt=\"Bu g\u00f6rsel bo\u015f bir alt niteli\u011fe sahip; dosya ad\u0131 baris.jpg\" width=\"115\" height=\"138\" \/><\/td>\n<td width=\"82%\">\n<table border=\"0\" width=\"96%\" cellspacing=\"0\" cellpadding=\"0\">\n<tbody>\n<tr>\n<td width=\"26%\"><strong>Ad\u0131 Soyad\u0131<\/strong><\/td>\n<td width=\"74%\">\u00a0Bar\u0131\u015f Uzun<\/td>\n<\/tr>\n<tr>\n<td><strong>G\u00f6revi<\/strong><\/td>\n<td>Toplu S\u00f6zle\u015fme Koordinat\u00f6r\u00fc<\/td>\n<\/tr>\n<tr>\n<td><strong>Kurumu<\/strong><\/td>\n<td>\u00a0Meteoroloji Genel M\u00fcd\u00fcrl\u00fc\u011f\u00fc<\/td>\n<\/tr>\n<tr>\n<td><b> <strong>Tel<\/strong><\/b><\/td>\n<td>532 592 03 49<\/td>\n<\/tr>\n<tr>\n<td><b>\u00a0<\/b><\/td>\n<td>\u00a0<\/td>\n<\/tr>\n<\/tbody>\n<\/table>\n<\/td>\n<\/tr>\n<\/tbody>\n<\/table>\n<table border=\"0\" width=\"95%\" cellspacing=\"2\" cellpadding=\"2\" align=\"center\">\n<tbody>\n<tr>\n<td width=\"18%\"><img loading=\"lazy\" decoding=\"async\" class=\"alignnone wp-image-5189 size-medium\" src=\"https:\/\/haksen.org.tr\/wp-content\/uploads\/2022\/12\/ayse-241x300.jpg\" alt=\"\" width=\"241\" height=\"300\" srcset=\"https:\/\/haksen.org.tr\/wp-content\/uploads\/2022\/12\/ayse-241x300.jpg 241w, https:\/\/haksen.org.tr\/wp-content\/uploads\/2022\/12\/ayse-824x1024.jpg 824w, https:\/\/haksen.org.tr\/wp-content\/uploads\/2022\/12\/ayse-768x954.jpg 768w, https:\/\/haksen.org.tr\/wp-content\/uploads\/2022\/12\/ayse-696x865.jpg 696w, https:\/\/haksen.org.tr\/wp-content\/uploads\/2022\/12\/ayse-1068x1327.jpg 1068w, https:\/\/haksen.org.tr\/wp-content\/uploads\/2022\/12\/ayse-338x420.jpg 338w, https:\/\/haksen.org.tr\/wp-content\/uploads\/2022\/12\/ayse.jpg 1196w\" sizes=\"auto, (max-width: 241px) 100vw, 241px\" \/><\/td>\n<td width=\"82%\">\n<table border=\"0\" width=\"96%\" cellspacing=\"0\" cellpadding=\"0\">\n<tbody>\n<tr>\n<td width=\"26%\"><strong>Ad\u0131 Soyad\u0131<\/strong><\/td>\n<td width=\"74%\">\u00a0Ay\u015fe G\u00fcl G\u00fcnd\u00fcz<\/td>\n<\/tr>\n<tr>\n<td><strong>G\u00f6revi<\/strong><\/td>\n<td>Organizasyon Koordinat\u00f6r\u00fc<\/td>\n<\/tr>\n<tr>\n<td><b> <strong>Kurumu<\/strong><\/b><\/td>\n<td>T\u00fcrkiye \u0130statistik Kurumu<\/td>\n<\/tr>\n<tr>\n<td><b> <strong>Tel\u00a0<\/strong><\/b><\/td>\n<td>\u00a0532 564 42 52<\/td>\n<\/tr>\n<tr>\n<td><b>\u00a0<\/b><\/td>\n<td>\u00a0\u00a0<\/td>\n<\/tr>\n<\/tbody>\n<\/table>\n<\/td>\n<\/tr>\n<\/tbody>\n<\/table>\n<table border=\"0\" width=\"95%\" cellspacing=\"2\" cellpadding=\"2\" align=\"center\">\n<tbody>\n<tr>\n<td width=\"18%\"><img decoding=\"async\" src=\"https:\/\/haksen.org.tr\/wp-content\/uploads\/2025\/01\/mukadder.jpg\" alt=\"Bu g\u00f6rselin Alt \u00f6zniteli\u011fi bo\u015f. Dosya ad\u0131: mukadder.jpg\" \/><\/td>\n<td width=\"82%\">\n<table border=\"0\" width=\"96%\" cellspacing=\"0\" cellpadding=\"0\">\n<tbody>\n<tr>\n<td width=\"26%\"><strong>Ad\u0131 Soyad\u0131\u00a0<\/strong><\/td>\n<td width=\"74%\">Mukadder G\u00f6\u00e7er<\/td>\n<\/tr>\n<tr>\n<td><strong>G\u00f6revi<\/strong><\/td>\n<td>Y\u00f6netim Kurulu \u00fcyesi<\/td>\n<\/tr>\n<tr>\n<td><b> <strong>Kurumu<\/strong><\/b><\/td>\n<td>Hacettepe \u00dcniversitesi<\/td>\n<\/tr>\n<tr>\n<td><b> <strong>Tel<\/strong><\/b><\/td>\n<td>542 368 73 46\u00a0<\/td>\n<\/tr>\n<tr>\n<td><b>\u00a0<\/b><\/td>\n<td>\u00a0<\/td>\n<\/tr>\n<\/tbody>\n<\/table>\n<\/td>\n<\/tr>\n<\/tbody>\n<\/table>\n<table border=\"0\" width=\"95%\" cellspacing=\"2\" cellpadding=\"2\" align=\"center\">\n<tbody>\n<tr>\n<td width=\"18%\"><img decoding=\"async\" src=\"https:\/\/haksen.org.tr\/wp-content\/uploads\/2025\/01\/safak.jpg\" alt=\"Bu g\u00f6rselin Alt \u00f6zniteli\u011fi bo\u015f. Dosya ad\u0131: safak.jpg\" \/><\/td>\n<td width=\"82%\">\n<table border=\"0\" width=\"96%\" cellspacing=\"0\" cellpadding=\"0\">\n<tbody>\n<tr>\n<td width=\"26%\"><strong>Ad\u0131 Soyad\u0131<\/strong><\/td>\n<td width=\"74%\">\u015eafak Ko\u00e7ak<\/td>\n<\/tr>\n<tr>\n<td><strong>G\u00f6revi<\/strong><\/td>\n<td>Y\u00f6netim Kurulu \u00fcyesi<\/td>\n<\/tr>\n<tr>\n<td><b>Kurumu<\/b><\/td>\n<td>Ege \u00dcniversitesi<\/td>\n<\/tr>\n<tr>\n<td><strong>Tel<\/strong><\/td>\n<td>538 426 91 56<\/td>\n<\/tr>\n<tr>\n<td>\u00a0<\/td>\n<td>\u00a0<\/td>\n<\/tr>\n<\/tbody>\n<\/table>\n<\/td>\n<\/tr>\n<\/tbody>\n<\/table>\n<table border=\"0\" width=\"95%\" cellspacing=\"2\" cellpadding=\"2\" align=\"center\">\n<tbody>\n<tr>\n<td width=\"18%\"><img decoding=\"async\" src=\"https:\/\/haksen.org.tr\/wp-content\/uploads\/2025\/01\/sayime.jpeg\" alt=\"Bu g\u00f6rselin Alt \u00f6zniteli\u011fi bo\u015f. Dosya ad\u0131: sayime.jpeg\" \/><\/td>\n<td width=\"82%\">\n<table border=\"0\" width=\"96%\" cellspacing=\"0\" cellpadding=\"0\">\n<tbody>\n<tr>\n<td width=\"26%\"><strong>Ad\u0131 Soyad\u0131<\/strong><\/td>\n<td width=\"74%\">\u00a0Sayime \u00d6zkan<\/td>\n<\/tr>\n<tr>\n<td><strong>G\u00f6revi<\/strong><\/td>\n<td>\u00a0Y\u00f6netim Kurulu \u00fcyesi<\/td>\n<\/tr>\n<tr>\n<td><b> <strong>Kurumu<\/strong><\/b><\/td>\n<td>\u00a0T\u00fcrkiye \u0130statistik Kurumu<\/td>\n<\/tr>\n<tr>\n<td><b> <strong>Tel<\/strong><\/b><\/td>\n<td>\u00a0 535 226 01 22<\/td>\n<\/tr>\n<tr>\n<td><b>\u00a0<\/b><\/td>\n<td>\u00a0<\/td>\n<\/tr>\n<\/tbody>\n<\/table>\n<\/td>\n<\/tr>\n<\/tbody>\n<\/table>\n<table border=\"0\" width=\"95%\" cellspacing=\"2\" cellpadding=\"2\" align=\"center\">\n<tbody>\n<tr>\n<td width=\"18%\"><img decoding=\"async\" src=\"https:\/\/haksen.org.tr\/wp-content\/uploads\/2025\/01\/ferhat-1.jpg\" alt=\"Bu g\u00f6rselin Alt \u00f6zniteli\u011fi bo\u015f. Dosya ad\u0131: ferhat-1.jpg\" \/><\/td>\n<td width=\"82%\">\n<table border=\"0\" width=\"96%\" cellspacing=\"0\" cellpadding=\"0\">\n<tbody>\n<tr>\n<td width=\"26%\"><strong>Ad\u0131 Soyad\u0131<\/strong><\/td>\n<td width=\"74%\">Ferhat K\u00f6ksal<\/td>\n<\/tr>\n<tr>\n<td><strong>G\u00f6revi<\/strong><\/td>\n<td>Y\u00f6netim Kurulu \u00fcyesi<\/td>\n<\/tr>\n<tr>\n<td><strong>Kurumu<\/strong><\/td>\n<td>\u0130\u00e7i\u015fleri Bakanl\u0131\u011f\u0131<\/td>\n<\/tr>\n<tr>\n<td><b>\u00a0Tel<\/b><\/td>\n<td>546 615 52 56<\/td>\n<\/tr>\n<tr>\n<td>\u00a0<\/td>\n<td>\u00a0<\/td>\n<\/tr>\n<\/tbody>\n<\/table>\n<\/td>\n<\/tr>\n<\/tbody>\n<\/table>","protected":false},"excerpt":{"rendered":"<p>Ad\u0131 Soyad\u0131 Ayhan \u00c7\u0130V\u0130 G\u00f6revi Genel Ba\u015fkan Kurumu \u00c7al\u0131\u015fma ve Sosyal G\u00fcvenlik Bakanl\u0131\u011f\u0131 e-posta ayhancivi@gmail.com \u00a0 \u00a0 \u00a0 1962 y\u0131l\u0131nda Elbistan\u2019da do\u011fdu. \u0130lk, orta ve lise tahsilini Elbistan\u2019da tamamlad\u0131. 1984 y\u0131l\u0131nda \u0130T\u00dc Matematik M\u00fchendisli\u011fi B\u00f6l\u00fcm\u00fcnden mezun oldu. Vatani g\u00f6revini K\u0131br\u0131s T\u00fcrk Bar\u0131\u015f Kuvvetleri Komutanl\u0131\u011f\u0131nda Yedek Subay olarak yerine getirdi. Kamu g\u00f6revine 1988 y\u0131l\u0131nda PTT Genel [&hellip;]<\/p>\n","protected":false},"author":1,"featured_media":0,"parent":0,"menu_order":0,"comment_status":"closed","ping_status":"closed","template":"","meta":{"footnotes":""},"class_list":["post-3552","page","type-page","status-publish"],"_links":{"self":[{"href":"https:\/\/haksen.org.tr\/index.php?rest_route=\/wp\/v2\/pages\/3552","targetHints":{"allow":["GET"]}}],"collection":[{"href":"https:\/\/haksen.org.tr\/index.php?rest_route=\/wp\/v2\/pages"}],"about":[{"href":"https:\/\/haksen.org.tr\/index.php?rest_route=\/wp\/v2\/types\/page"}],"author":[{"embeddable":true,"href":"https:\/\/haksen.org.tr\/index.php?rest_route=\/wp\/v2\/users\/1"}],"replies":[{"embeddable":true,"href":"https:\/\/haksen.org.tr\/index.php?rest_route=%2Fwp%2Fv2%2Fcomments&post=3552"}],"version-history":[{"count":22,"href":"https:\/\/haksen.org.tr\/index.php?rest_route=\/wp\/v2\/pages\/3552\/revisions"}],"predecessor-version":[{"id":5532,"href":"https:\/\/haksen.org.tr\/index.php?rest_route=\/wp\/v2\/pages\/3552\/revisions\/5532"}],"wp:attachment":[{"href":"https:\/\/haksen.org.tr\/index.php?rest_route=%2Fwp%2Fv2%2Fmedia&parent=3552"}],"curies":[{"name":"wp","href":"https:\/\/api.w.org\/{rel}","templated":true}]}}